{"id":11779,"date":"2013-03-15T12:36:27","date_gmt":"2013-03-15T12:36:27","guid":{"rendered":"https:\/\/construction.vamtam.com\/?page_id=4"},"modified":"2020-06-18T16:01:14","modified_gmt":"2020-06-18T21:01:14","slug":"home","status":"publish","type":"page","link":"https:\/\/crgconsultingsas.com\/","title":{"rendered":"Home"},"content":{"rendered":"<div class=\"limit-wrapper\"><div class=\"row \"><div class=\"wpv-grid grid-1-1 move-into-slider wpv-first-level first unextended has-extended-padding\" style=\"padding-top:0.05px;padding-bottom:40px;\" id=\"wpv-column-de395e7a1b9786b5ac25557d4bab10b8\" ><div class=\"row \"><div class=\"wpv-grid grid-1-1  first unextended no-extended-padding\" style=\"padding-top:0.05px;padding-bottom:0.05px;\" id=\"wpv-column-b08cd193391b7cd5700e263588c2136f\" ><p><img loading=\"lazy\" class=\"wp-image-11856 aligncenter\" src=\"http:\/\/crgconsultingsas.com\/wp-content\/uploads\/2018\/02\/logosplash.png\" alt=\"logosplash\" width=\"121\" height=\"118\" srcset=\"https:\/\/crgconsultingsas.com\/wp-content\/uploads\/2018\/02\/logosplash-60x60.png 60w, https:\/\/crgconsultingsas.com\/wp-content\/uploads\/2018\/02\/logosplash-43x43.png 43w\" sizes=\"(max-width: 121px) 100vw, 121px\" \/><\/p>\n<h3 style=\"text-align: center;\">Proporcionamos el acompa\u00f1amiento que nuestros clientes requieren supliendo sus necesidades<br \/>\ncumpliendo con la normatividad vigente, para que la informaci\u00f3n Contable,<br \/>\nFinanciera y Tributaria sea confiable, eficiente, veraz y oportuna.<\/h3><\/div><\/div><\/div><\/div><\/div>\n<div class=\"limit-wrapper\"><div class=\"row \"><div class=\"wpv-grid grid-1-1  wpv-first-level first unextended has-extended-padding\" style=\"padding-top:0.05px;padding-bottom:0.05px;\" id=\"wpv-column-5763661f19c1d89085673cb9ced06f9e\" ><\/div><\/div><\/div>\n<div class=\"row \"><div class=\"wpv-grid grid-1-1  wpv-first-level parallax-bg first has-background extended-content unextended has-extended-padding\" style=\"\n\t\t\t\tbackground: url( &#039;http:\/\/crgconsultingsas.com\/wp-content\/uploads\/2020\/06\/brandi-redd-aJTiW00qqtI-unsplash-scaled.jpg&#039; ) no-repeat center top;\n\t\t\t\tbackground-size: cover;\n\t\t\tbackground-attachment: fixed;background-color:#c7c7c7;padding-top:0.05px;padding-bottom:0.05px;padding-left:15px;padding-right:15px;\" id=\"wpv-column-4ae5c5744c7a930848ddb48f794ad066\"  data-parallax-method=\"to-centre\" data-parallax-inertia=\"-0.3\"><div class=\"extended-column-inner\"><style>#wpv-column-4ae5c5744c7a930848ddb48f794ad066 p,#wpv-column-4ae5c5744c7a930848ddb48f794ad066 em,#wpv-column-4ae5c5744c7a930848ddb48f794ad066 h1,#wpv-column-4ae5c5744c7a930848ddb48f794ad066 h2,#wpv-column-4ae5c5744c7a930848ddb48f794ad066 h3,#wpv-column-4ae5c5744c7a930848ddb48f794ad066 h4,#wpv-column-4ae5c5744c7a930848ddb48f794ad066 h5,#wpv-column-4ae5c5744c7a930848ddb48f794ad066 h6,#wpv-column-4ae5c5744c7a930848ddb48f794ad066 .column-title,#wpv-column-4ae5c5744c7a930848ddb48f794ad066 .sep-text h2.regular-title-wrapper,#wpv-column-4ae5c5744c7a930848ddb48f794ad066 .text-divider-double,#wpv-column-4ae5c5744c7a930848ddb48f794ad066 .sep-text .sep-text-line,#wpv-column-4ae5c5744c7a930848ddb48f794ad066 .sep,#wpv-column-4ae5c5744c7a930848ddb48f794ad066 .sep-2,#wpv-column-4ae5c5744c7a930848ddb48f794ad066 .sep-3,#wpv-column-4ae5c5744c7a930848ddb48f794ad066 td,#wpv-column-4ae5c5744c7a930848ddb48f794ad066 th,#wpv-column-4ae5c5744c7a930848ddb48f794ad066 caption{color:#484848;}#wpv-column-4ae5c5744c7a930848ddb48f794ad066:before{background-color:transparent;}<\/style><div class=\"row \"><div class=\"wpv-grid grid-1-1  first extended has-extended-padding\" style=\"padding-top:0.05px;padding-bottom:20px;\" id=\"wpv-column-42261d92203d1d2105a12d1ddc4b93b7\" ><div class=\"limit-wrapper\"><div class=\"extended-column-inner\"><h2 class='column-title'>SERVICIOS<\/h2><div class=\"row \"><div class=\"wpv-grid grid-1-5  first unextended no-extended-padding\" style=\"padding-top:0.05px;padding-bottom:0.05px;\" id=\"wpv-column-ecbc01a1714c394d8bf307c6ed434679\" ><div class=\"services clearfix fullimage no-image has-icon has-button \" style=\"text-align:center;\">\n\t<div class=\"services-inside\">\n\t\t\t\t\t\t\t\t\t<div class=\"thumbnail\">\n\t\t\t\t\t\t\t\t\t\t\t<a href=\"\/\" title=\"Asesor\u00edas\" class=\"\">\n\t\t\t\t\t\t\t\t\t\t\t\t\t\t\t\t\t\t<span class='icon shortcode   use-hover' style='color:#ffffff;font-size:58px !important;'>&#57687;<\/span>\t\t\t\t\t\t\t\t\t\t\t\t\t\t\t\t\t<\/a>\n\t\t\t\t\t\t\t\t\t<\/div>\n\t\t\t\t\t\t\t\t\t<div class=\"sep-2\"><\/div>\n\t\t\t\t\t\t\t\t\t\t\t\t\t\t<h4 class=\"services-title\">\n\t\t\t\t\t\t\t\t\t<a href=\"\/\" title=\"Asesor\u00edas\">Asesor\u00edas<\/a>\n\t\t\t\t\t\t\t<\/h4>\n\t\t\t\t\t\t\t<div class=\"services-content\">\n<p class=\"p1\">Los impuestos pueden llegar a limitar la operatividad de su negocio.<\/div>\n\t\t\t\t\t\t\t<div class=\"services-button-wrap\">\n\t\t\t\t<a href=\"\/\"><span class=\"btext\">More \u00bb<\/span><\/a>\n\t\t\t<\/div>\n\t\t\t<\/div>\n<\/div>\n<\/div>\n<div class=\"wpv-grid grid-1-5  unextended no-extended-padding\" style=\"padding-top:0.05px;padding-bottom:0.05px;\" id=\"wpv-column-dbc2df53294c6ea40eb2abc5c2e91dd8\" ><div class=\"services clearfix fullimage no-image has-icon has-button \" style=\"text-align:center;\">\n\t<div class=\"services-inside\">\n\t\t\t\t\t\t\t\t\t<div class=\"thumbnail\">\n\t\t\t\t\t\t\t\t\t\t\t<a href=\"\/\" title=\"NIFF\" class=\"\">\n\t\t\t\t\t\t\t\t\t\t\t\t\t\t\t\t\t\t<span class='icon shortcode theme  use-hover' style='color:#ffffff;font-size:58px !important;'>&#57529;<\/span>\t\t\t\t\t\t\t\t\t\t\t\t\t\t\t\t\t<\/a>\n\t\t\t\t\t\t\t\t\t<\/div>\n\t\t\t\t\t\t\t\t\t<div class=\"sep-2\"><\/div>\n\t\t\t\t\t\t\t\t\t\t\t\t\t\t<h4 class=\"services-title\">\n\t\t\t\t\t\t\t\t\t<a href=\"\/\" title=\"NIFF\">NIFF<\/a>\n\t\t\t\t\t\t\t<\/h4>\n\t\t\t\t\t\t\t<div class=\"services-content\">\n<p class=\"p1\">El proceso de las NIIF, son de car\u00e1cter de obligatoriedad en Colombia.<\/div>\n\t\t\t\t\t\t\t<div class=\"services-button-wrap\">\n\t\t\t\t<a href=\"\/\"><span class=\"btext\">More \u00bb<\/span><\/a>\n\t\t\t<\/div>\n\t\t\t<\/div>\n<\/div>\n<\/div>\n<div class=\"wpv-grid grid-1-5  unextended no-extended-padding\" style=\"padding-top:0.05px;padding-bottom:0.05px;\" id=\"wpv-column-758f70fceca3deccd30d6cc897ee5d19\" ><div class=\"services clearfix fullimage no-image has-icon has-button \" style=\"text-align:center;\">\n\t<div class=\"services-inside\">\n\t\t\t\t\t\t\t\t\t<div class=\"thumbnail\">\n\t\t\t\t\t\t\t\t\t\t\t<a href=\"\/\" title=\"Contabilidad\" class=\"\">\n\t\t\t\t\t\t\t\t\t\t\t\t\t\t\t\t\t\t<span class='icon shortcode theme  use-hover' style='color:#ffffff;font-size:58px !important;'>&#57520;<\/span>\t\t\t\t\t\t\t\t\t\t\t\t\t\t\t\t\t<\/a>\n\t\t\t\t\t\t\t\t\t<\/div>\n\t\t\t\t\t\t\t\t\t<div class=\"sep-2\"><\/div>\n\t\t\t\t\t\t\t\t\t\t\t\t\t\t<h4 class=\"services-title\">\n\t\t\t\t\t\t\t\t\t<a href=\"\/\" title=\"Contabilidad\">Contabilidad<\/a>\n\t\t\t\t\t\t\t<\/h4>\n\t\t\t\t\t\t\t<div class=\"services-content\">\n<p class=\"p1\">Tercerizaci\u00f3n de los\u00a0servicios de contabilidad, con completo respaldo profesional.<\/div>\n\t\t\t\t\t\t\t<div class=\"services-button-wrap\">\n\t\t\t\t<a href=\"\/\"><span class=\"btext\">More \u00bb<\/span><\/a>\n\t\t\t<\/div>\n\t\t\t<\/div>\n<\/div>\n<\/div>\n<div class=\"wpv-grid grid-1-5  unextended no-extended-padding\" style=\"padding-top:0.05px;padding-bottom:0.05px;\" id=\"wpv-column-ee2dbc4e4c8742445b79e865876fa810\" ><div class=\"services clearfix fullimage no-image has-icon has-button \" style=\"text-align:center;\">\n\t<div class=\"services-inside\">\n\t\t\t\t\t\t\t\t\t<div class=\"thumbnail\">\n\t\t\t\t\t\t\t\t\t\t\t<a href=\"\/\" title=\"N\u00f3mina\" class=\"\">\n\t\t\t\t\t\t\t\t\t\t\t\t\t\t\t\t\t\t<span class='icon shortcode theme  use-hover' style='color:#ffffff;font-size:58px !important;'>&#58881;<\/span>\t\t\t\t\t\t\t\t\t\t\t\t\t\t\t\t\t<\/a>\n\t\t\t\t\t\t\t\t\t<\/div>\n\t\t\t\t\t\t\t\t\t<div class=\"sep-2\"><\/div>\n\t\t\t\t\t\t\t\t\t\t\t\t\t\t<h4 class=\"services-title\">\n\t\t\t\t\t\t\t\t\t<a href=\"\/\" title=\"N\u00f3mina\">N\u00f3mina<\/a>\n\t\t\t\t\t\t\t<\/h4>\n\t\t\t\t\t\t\t<div class=\"services-content\">\n<p class=\"p1\">Nuestro objetivo es proporcionar un servicio oportuno y permanente.<\/div>\n\t\t\t\t\t\t\t<div class=\"services-button-wrap\">\n\t\t\t\t<a href=\"\/\"><span class=\"btext\">More \u00bb<\/span><\/a>\n\t\t\t<\/div>\n\t\t\t<\/div>\n<\/div>\n<\/div>\n<div class=\"wpv-grid grid-1-5  unextended no-extended-padding\" style=\"padding-top:0.05px;padding-bottom:0.05px;\" id=\"wpv-column-4d32c864ac2937f1ca300154535d8c25\" ><div class=\"services clearfix fullimage no-image has-icon has-button \" style=\"text-align:center;\">\n\t<div class=\"services-inside\">\n\t\t\t\t\t\t\t\t\t<div class=\"thumbnail\">\n\t\t\t\t\t\t\t\t\t\t\t<a href=\"\/\" title=\"Revisor\u00edas\" class=\"\">\n\t\t\t\t\t\t\t\t\t\t\t\t\t\t\t\t\t\t<span class='icon shortcode theme  use-hover' style='color:#ffffff;font-size:58px !important;'>&#58884;<\/span>\t\t\t\t\t\t\t\t\t\t\t\t\t\t\t\t\t<\/a>\n\t\t\t\t\t\t\t\t\t<\/div>\n\t\t\t\t\t\t\t\t\t<div class=\"sep-2\"><\/div>\n\t\t\t\t\t\t\t\t\t\t\t\t\t\t<h4 class=\"services-title\">\n\t\t\t\t\t\t\t\t\t<a href=\"\/\" title=\"Revisor\u00edas\">Revisor\u00edas<\/a>\n\t\t\t\t\t\t\t<\/h4>\n\t\t\t\t\t\t\t<div class=\"services-content\">\n<p class=\"p1\">Supervisi\u00f3n, control, vigilancia y detecci\u00f3n de los posibles riesgos.<\/div>\n\t\t\t\t\t\t\t<div class=\"services-button-wrap\">\n\t\t\t\t<a href=\"\/\"><span class=\"btext\">More \u00bb<\/span><\/a>\n\t\t\t<\/div>\n\t\t\t<\/div>\n<\/div>\n<\/div><\/div>\n<div class=\"row \"><div class=\"wpv-grid grid-1-1  first unextended animation-fade-in animated-active no-extended-padding\" style=\"padding-top:0.05px;padding-bottom:0.05px;\" id=\"wpv-column-c7aca2e0f4b331af97ce6fcdb80acb44\" ><p class=\"textcenter\"><a href=\"#\" target=\"_self\" style='font-size: 12px;' class=\"vamtam-button accent1  button-border hover-accent1 \"><span class=\"btext\" data-text=\"FULL LIST OF SERVICES \u00bb\">FULL LIST OF SERVICES \u00bb<\/span><\/a><\/p><\/div><\/div><\/div><\/div><\/div><\/div><\/div><\/div><\/div>\n<div class=\"limit-wrapper\"><div class=\"row \"><div class=\"wpv-grid grid-1-1  wpv-first-level first unextended has-extended-padding\" style=\"padding-top:0.05px;padding-bottom:0.05px;\" id=\"ancla_nosotros\" >\t\t<h2 class=\"text-divider-double\">\t\t\tCRG CONSULTING\t\t<\/h2>\t\t<div class=\"sep\"><\/div>\t<div class=\"row \"><div class=\"wpv-grid grid-1-2  first unextended animation-from-bottom animated-active no-extended-padding\" style=\"padding-top:0.05px;padding-bottom:0.05px;\" id=\"wpv-column-c1ac720309a17608f3b88a14a27ab0a9\" ><h4 style=\"text-align: center;\"><\/h4>\n<h2>MISI\u00d3N<\/h2>\n<p style=\"text-align: left;\">Brindar a nuestros clientes, consultor\u00eda y servicios profesionales, en Outsourcing Contable y de N\u00f3mina, Revisor\u00eda Fiscal, implementaci\u00f3n de Normas Internacionales de Informaci\u00f3n Financiera (NIIF), Asesor\u00eda Tributaria y Auditor\u00eda, para proporcionarles el acompa\u00f1amiento que requieren supliendo sus necesidades cumpliendo con la normatividad vigente,\u00a0 para que la informaci\u00f3n Contable, Financiera y Tributaria sea confiable, eficiente, veraz,\u00a0 oportuna\u00a0 y\u00a0 conservando los est\u00e1ndares de confidencialidad requeridos.<\/div>\n<div class=\"wpv-grid grid-1-2  unextended animation-from-bottom animated-active no-extended-padding\" style=\"padding-top:0.05px;padding-bottom:0.05px;\" id=\"wpv-column-603a59fe39299ce7023cd43451c2dc85\" ><h4 style=\"text-align: center;\"><\/h4>\n<h2>VISI\u00d3N<\/h2>\n<p>Ser el mejor aliado estrat\u00e9gico de nuestros clientes, en la prestaci\u00f3n de servicios profesionales de Outsourcing Contable y de N\u00f3mina, Revisor\u00eda Fiscal, implementaci\u00f3n de Normas Internacionales de Informaci\u00f3n Financiera, Asesor\u00eda Tributaria y Auditor\u00eda.<\/p>\n<div class=\"push \" style=\"height:30px\"><\/div><\/div><\/div>\n<div class=\"push  wpv-hide-lowres\" style=\"height:30px\"><\/div><\/div><\/div><\/div>\n<div class=\"push \" style=\"height:30px\"><\/div>\n<div class=\"row \"><div class=\"wpv-grid grid-1-1  wpv-first-level parallax-bg first has-background extended no-extended-padding\" style=\"background-color:#e4e5eb;padding-top:100px;padding-bottom:130px;\" id=\"wpv-column-f36de7dfc499c864e2dfe92a54777963\"  data-parallax-method=\"to-centre\" data-parallax-inertia=\"-0.2\"><div class=\"limit-wrapper\"><div class=\"extended-column-inner\"><style>#wpv-column-f36de7dfc499c864e2dfe92a54777963 p,#wpv-column-f36de7dfc499c864e2dfe92a54777963 em,#wpv-column-f36de7dfc499c864e2dfe92a54777963 h1,#wpv-column-f36de7dfc499c864e2dfe92a54777963 h2,#wpv-column-f36de7dfc499c864e2dfe92a54777963 h3,#wpv-column-f36de7dfc499c864e2dfe92a54777963 h4,#wpv-column-f36de7dfc499c864e2dfe92a54777963 h5,#wpv-column-f36de7dfc499c864e2dfe92a54777963 h6,#wpv-column-f36de7dfc499c864e2dfe92a54777963 .column-title,#wpv-column-f36de7dfc499c864e2dfe92a54777963 .sep-text h2.regular-title-wrapper,#wpv-column-f36de7dfc499c864e2dfe92a54777963 .text-divider-double,#wpv-column-f36de7dfc499c864e2dfe92a54777963 .sep-text .sep-text-line,#wpv-column-f36de7dfc499c864e2dfe92a54777963 .sep,#wpv-column-f36de7dfc499c864e2dfe92a54777963 .sep-2,#wpv-column-f36de7dfc499c864e2dfe92a54777963 .sep-3,#wpv-column-f36de7dfc499c864e2dfe92a54777963 td,#wpv-column-f36de7dfc499c864e2dfe92a54777963 th,#wpv-column-f36de7dfc499c864e2dfe92a54777963 caption{color:#595d77;}#wpv-column-f36de7dfc499c864e2dfe92a54777963:before{background-color:transparent;}<\/style><div class=\"row \"><div class=\"wpv-grid grid-1-2  first unextended has-extended-padding\" style=\"padding-top:0.05px;padding-bottom:0.05px;\" id=\"wpv-column-4d803ef3649fd7a5363db60c1882b86f\" ><div class=\"row \"><div class=\"wpv-grid grid-1-1  first unextended no-extended-padding\" style=\"padding-top:0.05px;padding-bottom:0.05px;\" id=\"wpv-column-985a52f6ce2fd67c3486d53c14b6a3af\" ><h2>TESTIMONIOS<\/h2><\/div><\/div>\n<div class=\"push  wpv-hide-lowres\" style=\"margin-bottom:-35px\"><\/div>\n<div class=\"row \"><div class=\"wpv-grid grid-1-1  first unextended no-extended-padding\" style=\"padding-top:0.05px;padding-bottom:0.05px;\" id=\"wpv-column-e99f1ba9d9af52f76019374f173a1a62\" ><div class=\"vamtam-cubeportfolio cbp cbp-slider-edge vamtam-testimonials-slider\" data-options=\"{&quot;layoutMode&quot;:&quot;slider&quot;,&quot;drag&quot;:true,&quot;auto&quot;:true,&quot;autoTimeout&quot;:5000,&quot;autoPauseOnHover&quot;:true,&quot;showNavigation&quot;:false,&quot;showPagination&quot;:true,&quot;rewindNav&quot;:true,&quot;scrollByPage&quot;:false,&quot;gridAdjustment&quot;:&quot;responsive&quot;,&quot;mediaQueries&quot;:[{&quot;width&quot;:1,&quot;cols&quot;:1}],&quot;gapHorizontal&quot;:0,&quot;gapVertical&quot;:0,&quot;caption&quot;:&quot;&quot;,&quot;displayType&quot;:&quot;default&quot;}\"><div class=\"cbp-item\">\n<blockquote class='clearfix small simple class=\"post-7587 testimonials type-testimonials status-publish hentry testimonials_category-slider-no-photo\"'>\n\t<h3 class=\"quote-summary\">Conoce la realidad financiera de su empresa?<\/h3><div class=\"quote-title-wrapper clearfix\"><div class='quote-title'><span class='icon shortcode   use-hover' style='color:#F8DF04;'>&#57864;<\/span><span class='icon shortcode   use-hover' style='color:#F8DF04;'>&#57864;<\/span><span class='icon shortcode   use-hover' style='color:#F8DF04;'>&#57864;<\/span><span class='icon shortcode   use-hover' style='color:#F8DF04;'>&#57864;<\/span><span class='icon shortcode   use-hover' style='color:#F8DF04;'>&#57864;<\/span> &mdash; <span class='the-title'>Carlos Ra\u00fal Ruiz<\/span><\/div><\/div>\t<div class='quote-text'><div class=\"quote-content\">La contabilidad, es el requerimiento m\u00e1s importante en cualquier tipo de empresa, por medio de ella conocemos la realidad econ\u00f3mica y financiera. Basados en la informaci\u00f3n financiera podemos implementar planes de acci\u00f3n para su mejor futuro empresarial<\/div><\/div>\n<\/blockquote><\/div><\/div><\/div><\/div><\/div>\n<div class=\"wpv-grid grid-1-2  unextended has-extended-padding\" style=\"padding-top:0.05px;padding-bottom:0.05px;\" id=\"wpv-column-c45b961bb450f3aaac0aaa4aa4b8b355\" ><div class=\"row \"><div class=\"wpv-grid grid-1-1  first unextended no-extended-padding\" style=\"padding-top:0.05px;padding-bottom:0.05px;\" id=\"wpv-column-cf17fae065364ad6ac521798486d5e7e\" ><h2>OUTSOURCING CONTABLE<\/h2>\n<p>Nuestro objetivo es proporcionar un servicio oportuno y permanente de alta calidad profesional y t\u00e9cnica, que soporte a los \u00f3rganos de administraci\u00f3n en la adecuada toma de decisiones y\u00a0 la emisi\u00f3n de los diferentes reportes que se deben generar a las entidades de control.<\/p>\n<p>Nuestra firma brinda un servicio de asesor\u00eda contable dirigido a la tercerizaci\u00f3n de los servicios de contabilidad, garantiz\u00e1ndole un completo respaldo profesional; adem\u00e1s de la custodia de dicha informaci\u00f3n.<\/div><\/div><\/div><\/div><\/div><\/div><\/div><\/div>\n<div class=\"row \"><div class=\"wpv-grid grid-1-1  wpv-first-level first has-background has-horizontal-padding extended-content unextended no-extended-padding\" style=\"background-color:#E45306;padding-top:0.05px;padding-bottom:0.05px;padding-left:265px;padding-right:265px;\" id=\"wpv-column-48a2fb14a1d64b647b04afc1693c365a\" ><div class=\"extended-column-inner\"><style>#wpv-column-48a2fb14a1d64b647b04afc1693c365a p,#wpv-column-48a2fb14a1d64b647b04afc1693c365a em,#wpv-column-48a2fb14a1d64b647b04afc1693c365a h1,#wpv-column-48a2fb14a1d64b647b04afc1693c365a h2,#wpv-column-48a2fb14a1d64b647b04afc1693c365a h3,#wpv-column-48a2fb14a1d64b647b04afc1693c365a h4,#wpv-column-48a2fb14a1d64b647b04afc1693c365a h5,#wpv-column-48a2fb14a1d64b647b04afc1693c365a h6,#wpv-column-48a2fb14a1d64b647b04afc1693c365a .column-title,#wpv-column-48a2fb14a1d64b647b04afc1693c365a .sep-text h2.regular-title-wrapper,#wpv-column-48a2fb14a1d64b647b04afc1693c365a .text-divider-double,#wpv-column-48a2fb14a1d64b647b04afc1693c365a .sep-text .sep-text-line,#wpv-column-48a2fb14a1d64b647b04afc1693c365a .sep,#wpv-column-48a2fb14a1d64b647b04afc1693c365a .sep-2,#wpv-column-48a2fb14a1d64b647b04afc1693c365a .sep-3,#wpv-column-48a2fb14a1d64b647b04afc1693c365a td,#wpv-column-48a2fb14a1d64b647b04afc1693c365a th,#wpv-column-48a2fb14a1d64b647b04afc1693c365a caption{color:#fef1eb;}#wpv-column-48a2fb14a1d64b647b04afc1693c365a:before{background-color:transparent;}<\/style><div class=\"row \"><div class=\"wpv-grid grid-1-1  first unextended no-extended-padding\" style=\"padding-top:0.05px;padding-bottom:0.05px;\" id=\"wpv-column-d943d27e1eeab1c75a728cca34de4f10\" ><table style=\"width: 100%;\">\n<tbody>\n<tr align=\"center\">\n<td align=\"center\">\n<h2>Asesor\u00edas<\/h2>\n<\/td>\n<td align=\"center\">\n<h2>|<\/h2>\n<\/td>\n<td align=\"center\">\n<h2>NIFF<\/h2>\n<\/td>\n<td align=\"center\">\n<h2>|<\/h2>\n<\/td>\n<td align=\"center\">\n<h2>Contabilidad<\/h2>\n<\/td>\n<td align=\"center\">\n<h2>|<\/h2>\n<\/td>\n<td align=\"center\">\n<h2>N\u00f3mina<\/h2>\n<\/td>\n<td align=\"center\">\n<h2>|<\/h2>\n<\/td>\n<td align=\"center\">\n<h2>Revisor\u00edas<\/h2>\n<\/td>\n<\/tr>\n<\/tbody>\n<\/table><\/div><\/div><\/div><\/div><\/div>\n","protected":false},"excerpt":{"rendered":"<p>La contabilidad, es el requerimiento m\u00e1s importante en cualquier tipo de empresa, por medio de ella conocemos la realidad econ\u00f3mica y financiera. Basados en la informaci\u00f3n financiera podemos implementar planes de acci\u00f3n para su mejor futuro empresarial<\/p>\n","protected":false},"author":1,"featured_media":0,"parent":11,"menu_order":0,"comment_status":"closed","ping_status":"closed","template":"","meta":[],"_links":{"self":[{"href":"https:\/\/crgconsultingsas.com\/index.php?rest_route=\/wp\/v2\/pages\/11779"}],"collection":[{"href":"https:\/\/crgconsultingsas.com\/index.php?rest_route=\/wp\/v2\/pages"}],"about":[{"href":"https:\/\/crgconsultingsas.com\/index.php?rest_route=\/wp\/v2\/types\/page"}],"author":[{"embeddable":true,"href":"https:\/\/crgconsultingsas.com\/index.php?rest_route=\/wp\/v2\/users\/1"}],"replies":[{"embeddable":true,"href":"https:\/\/crgconsultingsas.com\/index.php?rest_route=%2Fwp%2Fv2%2Fcomments&post=11779"}],"version-history":[{"count":37,"href":"https:\/\/crgconsultingsas.com\/index.php?rest_route=\/wp\/v2\/pages\/11779\/revisions"}],"predecessor-version":[{"id":12147,"href":"https:\/\/crgconsultingsas.com\/index.php?rest_route=\/wp\/v2\/pages\/11779\/revisions\/12147"}],"up":[{"embeddable":true,"href":"https:\/\/crgconsultingsas.com\/index.php?rest_route=\/wp\/v2\/pages\/11"}],"wp:attachment":[{"href":"https:\/\/crgconsultingsas.com\/index.php?rest_route=%2Fwp%2Fv2%2Fmedia&parent=11779"}],"curies":[{"name":"wp","href":"https:\/\/api.w.org\/{rel}","templated":true}]}}