{"id":11867,"date":"2018-03-15T10:38:32","date_gmt":"2018-03-15T15:38:32","guid":{"rendered":"http:\/\/crgconsultingsas.com\/?page_id=11867"},"modified":"2020-06-24T18:07:07","modified_gmt":"2020-06-24T23:07:07","slug":"servicios","status":"publish","type":"page","link":"https:\/\/crgconsultingsas.com\/?page_id=11867","title":{"rendered":"Servicios"},"content":{"rendered":"<div class=\"push \" style=\"height:30px\"><\/div>\n<div class=\"limit-wrapper\"><div class=\"row \"><div class=\"wpv-grid grid-3-4  wpv-first-level first unextended has-extended-padding\" style=\"padding-top:20px;padding-bottom:0.05px;\" id=\"wpv-column-4105a2f0d344b8a7ca188d69e6a66745\" ><div class=\"row \"><div class=\"wpv-grid grid-1-1  first unextended animation-fade-in animated-active no-extended-padding\" style=\"padding-top:0.05px;padding-bottom:0.05px;\" id=\"wpv-column-8e5797eee9a3c9060346e20f2ca1c249\" ><h3>Asesorias<\/h3>\n<p class=\"p1\"><span class=\"s1\">Los impuestos pueden llegar a limitar la operatividad de su negocio, entendemos que el seguimiento y oportuna presentaci\u00f3n de la informaci\u00f3n de su empresa conllevar\u00e1 a tener beneficios rentables para su organizaci\u00f3n.<\/span><\/p>\n<p class=\"p1\"><span class=\"s1\">Le ofrecemos asesor\u00edas tributar\u00edas en temas relacionados con los impuestos a las ventas corporativas y los impuestos indirectos como lo son:<\/span><\/p>\n<ul>\n<li class=\"p1\"><span class=\"s1\">Impuesto Sobre La Renta<\/span><\/li>\n<li class=\"p1\"><span class=\"s1\">Impuesto Sobre Las Ventas (IVA)<\/span><\/li>\n<li class=\"p1\"><span class=\"s1\">Impuestos De Industria Y Comercio (ICA)<\/span><\/li>\n<li class=\"p1\"><span class=\"s1\">Planeaci\u00f3n Tributaria<\/span><\/li>\n<\/ul>\n<p class=\"p1\"><span class=\"s1\">Conscientes de las necesidades de nuestros clientes buscamos tener el mejor acercamiento para prestar las soluciones en las asesor\u00edas, auditorias y servicios que nuestros clientes precisan.<\/span><br \/>\n<div class=\"push \" style=\"height:40px\"><\/div><\/div><\/div>\n<div class=\"row \"><div class=\"wpv-grid grid-1-1  first unextended animation-fade-in animated-active no-extended-padding\" style=\"padding-top:0.05px;padding-bottom:0.05px;\" id=\"wpv-column-f52749d71a669ba70e0cff4a84fabf9a\" ><h3>Normas Internacionales de Informaci\u00f3n Financiera (NIIF)<\/h3>\n<p class=\"p1\"><span class=\"s1\">El Congreso de la Rep\u00fablica promulg\u00f3 la ley 1314 del 13 de julio de 2009, por la cual se regulan los principios y normas de contabilidad e informaci\u00f3n financiera y de aseguramiento de informaci\u00f3n aceptados en Colombia, se se\u00f1alan las autoridades competentes, el procedimiento para su expedici\u00f3n y se determinan las entidades responsables de vigilar su cumplimiento.<\/span><\/p>\n<p class=\"p1\"><span class=\"s1\">El proceso de las NIIF, son de car\u00e1cter de obligatoriedad en Colombia, y debe establecerse en los plazos fijados, so pena de sanciones.<\/span><\/p>\n<p class=\"p1\"><span class=\"s1\">CRG Consulting S.A.S. dispone de personal capacitado en las Normas Internaciones de Informaci\u00f3n Financiera, los cuales est\u00e1n atentos a prestarle a su compa\u00f1\u00eda una asesor\u00eda id\u00f3nea y oportuna para que sean implementadas de acuerdo con la normatividad vigente.<\/span><\/p>\n<p class=\"p1\"><div class=\"push \" style=\"height:40px\"><\/div><\/div><\/div>\n<div class=\"row \"><div class=\"wpv-grid grid-1-1  first unextended animation-fade-in animated-active no-extended-padding\" style=\"padding-top:0.05px;padding-bottom:0.05px;\" id=\"wpv-column-3307cad0fd6a3dd8d7f99def60ee49da\" ><h3>Outsourcing Contable<\/h3>\n<p class=\"p1\"><span class=\"s1\">Nuestro objetivo es proporcionar un servicio oportuno y permanente de alta calidad profesional y t\u00e9cnica, que soporte a los \u00f3rganos de administraci\u00f3n en la adecuada toma de decisiones y de los diferentes reportes que se deben generar a las entidades de control.<\/span><\/p>\n<p class=\"p1\"><span class=\"s1\">Nuestra\u00a0firma brinda un servicio de\u00a0asesor\u00eda contable\u00a0dirigido a la tercerizaci\u00f3n de los\u00a0servicios de contabilidad, garantiz\u00e1ndole un completo respaldo profesional; adem\u00e1s de la conservaci\u00f3n y adecuada custodia de dicha informaci\u00f3n.<\/span><\/p>\n<p class=\"p1\"><span class=\"s1\">El enfoque y metodolog\u00eda de servicios est\u00e1n encaminados a mantener la contabilidad de la compa\u00f1\u00eda actualizada para que refleje la situaci\u00f3n econ\u00f3mica de la empresa y que los estados financieros sean una herramienta administrativa para el adecuado funcionamiento de las operaciones normales de su compa\u00f1\u00eda.<\/span><\/p>\n<p class=\"p1\"><div class=\"push \" style=\"height:40px\"><\/div><\/div><\/div>\n<div class=\"row \"><div class=\"wpv-grid grid-1-1  first unextended animation-fade-in animated-active no-extended-padding\" style=\"padding-top:0.05px;padding-bottom:0.05px;\" id=\"wpv-column-ae8b1b8fd45bde6bc0b79ebed59c7d06\" ><h3>Outsourcing N\u00f3mina<\/h3>\n<p class=\"p1\"><span class=\"s1\">Nuestro objetivo es proporcionar un servicio oportuno y permanente de alta calidad profesional y t\u00e9cnica, que soporte a los \u00f3rganos de administraci\u00f3n en la adecuada toma de decisiones y de los diferentes reportes que se deben generar a las entidades de control.<\/span><\/p>\n<p class=\"p1\"><span class=\"s1\">Nuestra\u00a0firma brinda un servicio de\u00a0asesor\u00eda contable\u00a0dirigido a la tercerizaci\u00f3n de los\u00a0servicios de contabilidad, garantiz\u00e1ndole un completo respaldo profesional; adem\u00e1s de la conservaci\u00f3n y adecuada custodia de dicha informaci\u00f3n.<\/span><\/p>\n<p class=\"p1\"><span class=\"s1\">El enfoque y metodolog\u00eda de servicios est\u00e1n encaminados a mantener la contabilidad de la compa\u00f1\u00eda actualizada para que refleje la situaci\u00f3n econ\u00f3mica de la empresa y que los estados financieros sean una herramienta administrativa para el adecuado funcionamiento de las operaciones normales de su compa\u00f1\u00eda.<\/span><\/p>\n<p class=\"p1\"><div class=\"push \" style=\"height:40px\"><\/div><\/div><\/div>\n<div class=\"row \"><div class=\"wpv-grid grid-1-1  first unextended animation-fade-in animated-active no-extended-padding\" style=\"padding-top:0.05px;padding-bottom:0.05px;\" id=\"wpv-column-3d77cb90a9be8b32aeeb54a5e9e3f1d3\" ><h3>Revisor\u00eda Fiscal<\/h3>\n<p class=\"p1\"><span class=\"s1\">El servicio de Revisor\u00eda Fiscal cuenta con personal calificado para que su empresa<span class=\"Apple-converted-space\">\u00a0 <\/span>tenga la<span class=\"Apple-converted-space\">\u00a0 <\/span>supervisi\u00f3n, el control, la vigilancia, detecci\u00f3n de los posibles riesgos, obteniendo el conocimiento de su compa\u00f1\u00eda y as\u00ed dar las recomendaciones pertinentes en pro del cumplimiento de las normativas legales y estatutarias, realizar\u00a0<\/span><\/p>\n<p class=\"p1\"><div class=\"push \" style=\"height:40px\"><\/div><\/div><\/div>\n<div class=\"push  wpv-hide-lowres\" style=\"height:40px\"><\/div><\/div>\n<div class=\"wpv-grid grid-1-4  wpv-first-level unextended has-extended-padding\" style=\"padding-top:0.05px;padding-bottom:0.05px;\" id=\"wpv-column-b698d5943063d1c7b730dc28a9bd3b08\" ><div class=\"push  wpv-hide-lowres\" style=\"margin-bottom:-90px\"><\/div>\n<div class=\"row \"><div class=\"wpv-grid grid-1-1 add-border first has-background unextended has-extended-padding\" style=\"\n\t\t\t\tbackground: url( &#039;http:\/\/crgconsultingsas.com\/wp-content\/uploads\/2020\/06\/manos.png&#039; ) no-repeat center top;\n\t\t\t\tbackground-size: auto;\n\t\t\tbackground-attachment: scroll;padding-top:220px;padding-bottom:20px;\" id=\"wpv-column-0d2b3e2816f65d535ae15aa070b875ff\" ><div class=\"row \"><div class=\"wpv-grid grid-1-1  first unextended no-extended-padding\" style=\"padding-top:0.05px;padding-bottom:0.05px;\" id=\"wpv-column-8bc4bc03c1b98cb488fb7e5c39a12b5f\" ><h3 style=\"padding-left: 10px; text-align: center;\"><em><span style=\"color: #000080;\">Brindamos Confidenciabilidad de su informaci\u00f3n<\/span><\/em><\/h3>\n<p style=\"padding-left: 10px;\"><\/div><\/div><\/div><\/div>\n<div class=\"push \" style=\"height:30px\"><\/div>\n<div class=\"row \"><div class=\"wpv-grid grid-1-1 add-border first unextended animation-fade-in animated-active has-extended-padding\" style=\"padding-top:30px;padding-bottom:20px;\" id=\"wpv-column-93ec4b7833c3f80dea125fc78caa8219\" ><div class=\"row \"><div class=\"wpv-grid grid-1-1  first unextended no-extended-padding\" style=\"padding-top:0.05px;padding-bottom:0.05px;\" id=\"wpv-column-81677cd1118ef22ab9ea59018d92a11e\" ><span class='icon shortcode theme  use-hover' style='color:#262675;font-size:32px !important;'>&#57473;<\/span><\/div><\/div>\n<div class=\"row \"><div class=\"wpv-grid grid-1-1  first unextended no-extended-padding\" style=\"padding-top:0.05px;padding-bottom:0.05px;\" id=\"wpv-column-57178b1a2b07ed5f0268c2ed6678ba93\" ><div class=\"vamtam-cubeportfolio cbp cbp-slider-edge vamtam-testimonials-slider\" data-options=\"{&quot;layoutMode&quot;:&quot;slider&quot;,&quot;drag&quot;:true,&quot;auto&quot;:true,&quot;autoTimeout&quot;:5000,&quot;autoPauseOnHover&quot;:true,&quot;showNavigation&quot;:false,&quot;showPagination&quot;:true,&quot;rewindNav&quot;:true,&quot;scrollByPage&quot;:false,&quot;gridAdjustment&quot;:&quot;responsive&quot;,&quot;mediaQueries&quot;:[{&quot;width&quot;:1,&quot;cols&quot;:1}],&quot;gapHorizontal&quot;:0,&quot;gapVertical&quot;:0,&quot;caption&quot;:&quot;&quot;,&quot;displayType&quot;:&quot;default&quot;}\"><div class=\"cbp-item\">\n<blockquote class='clearfix small simple class=\"post-7587 testimonials type-testimonials status-publish hentry testimonials_category-slider-no-photo\"'>\n\t<h3 class=\"quote-summary\">Conoce la realidad financiera de su empresa?<\/h3><div class=\"quote-title-wrapper clearfix\"><div class='quote-title'><span class='icon shortcode   use-hover' style='color:#F8DF04;'>&#57864;<\/span><span class='icon shortcode   use-hover' style='color:#F8DF04;'>&#57864;<\/span><span class='icon shortcode   use-hover' style='color:#F8DF04;'>&#57864;<\/span><span class='icon shortcode   use-hover' style='color:#F8DF04;'>&#57864;<\/span><span class='icon shortcode   use-hover' style='color:#F8DF04;'>&#57864;<\/span> &mdash; <span class='the-title'>Carlos Ra\u00fal Ruiz<\/span><\/div><\/div>\t<div class='quote-text'><div class=\"quote-content\">La contabilidad, es el requerimiento m\u00e1s importante en cualquier tipo de empresa, por medio de ella conocemos la realidad econ\u00f3mica y financiera. Basados en la informaci\u00f3n financiera podemos implementar planes de acci\u00f3n para su mejor futuro empresarial<\/div><\/div>\n<\/blockquote><\/div><\/div><\/div><\/div><\/div><\/div><\/div><\/div><\/div>\n<div class=\"row \"><div class=\"wpv-grid grid-1-1  wpv-first-level first has-background extended has-extended-padding\" style=\"background-color:#ffffff;padding-top:40px;padding-bottom:40px;\" id=\"wpv-column-f162ed68182b10266ab91e22a929329f\" ><div class=\"limit-wrapper\"><div class=\"extended-column-inner\"><style>#wpv-column-f162ed68182b10266ab91e22a929329f p,#wpv-column-f162ed68182b10266ab91e22a929329f em,#wpv-column-f162ed68182b10266ab91e22a929329f h1,#wpv-column-f162ed68182b10266ab91e22a929329f h2,#wpv-column-f162ed68182b10266ab91e22a929329f h3,#wpv-column-f162ed68182b10266ab91e22a929329f h4,#wpv-column-f162ed68182b10266ab91e22a929329f h5,#wpv-column-f162ed68182b10266ab91e22a929329f h6,#wpv-column-f162ed68182b10266ab91e22a929329f .column-title,#wpv-column-f162ed68182b10266ab91e22a929329f .sep-text h2.regular-title-wrapper,#wpv-column-f162ed68182b10266ab91e22a929329f .text-divider-double,#wpv-column-f162ed68182b10266ab91e22a929329f .sep-text .sep-text-line,#wpv-column-f162ed68182b10266ab91e22a929329f .sep,#wpv-column-f162ed68182b10266ab91e22a929329f .sep-2,#wpv-column-f162ed68182b10266ab91e22a929329f .sep-3,#wpv-column-f162ed68182b10266ab91e22a929329f td,#wpv-column-f162ed68182b10266ab91e22a929329f th,#wpv-column-f162ed68182b10266ab91e22a929329f caption{color:#808080;}#wpv-column-f162ed68182b10266ab91e22a929329f:before{background-color:transparent;}<\/style><div class=\"row \"><div class=\"wpv-grid grid-1-1  first unextended no-extended-padding\" style=\"padding-top:0.05px;padding-bottom:0.05px;\" id=\"wpv-column-df037bfa8dfe52788eb03d51c5810a69\" ><p><img loading=\"lazy\" class=\"size-medium wp-image-12139 aligncenter\" src=\"http:\/\/crgconsultingsas.com\/wp-content\/uploads\/2020\/06\/logo-crgsaspng-300x128.png\" alt=\"\" width=\"300\" height=\"128\" \/><\/div><\/div>\n<div class=\"push  wpv-hide-lowres\" style=\"height:30px\"><\/div><\/div><\/div><\/div><\/div>\n<div class=\"limit-wrapper\"><div class=\"row \"><div class=\"wpv-grid grid-1-1  wpv-first-level first unextended no-extended-padding\" style=\"padding-top:0.05px;padding-bottom:0.05px;\" id=\"wpv-column-1a6c83b8a62fe2c1a693d2e3851c9c43\" ><\/div><\/div><\/div>\n","protected":false},"excerpt":{"rendered":"<p>La contabilidad, es el requerimiento m\u00e1s importante en cualquier tipo de empresa, por medio de ella conocemos la realidad econ\u00f3mica y financiera. Basados en la informaci\u00f3n financiera podemos implementar planes de acci\u00f3n para su mejor futuro empresarial<\/p>\n","protected":false},"author":1,"featured_media":0,"parent":0,"menu_order":0,"comment_status":"closed","ping_status":"closed","template":"","meta":[],"_links":{"self":[{"href":"https:\/\/crgconsultingsas.com\/index.php?rest_route=\/wp\/v2\/pages\/11867"}],"collection":[{"href":"https:\/\/crgconsultingsas.com\/index.php?rest_route=\/wp\/v2\/pages"}],"about":[{"href":"https:\/\/crgconsultingsas.com\/index.php?rest_route=\/wp\/v2\/types\/page"}],"author":[{"embeddable":true,"href":"https:\/\/crgconsultingsas.com\/index.php?rest_route=\/wp\/v2\/users\/1"}],"replies":[{"embeddable":true,"href":"https:\/\/crgconsultingsas.com\/index.php?rest_route=%2Fwp%2Fv2%2Fcomments&post=11867"}],"version-history":[{"count":26,"href":"https:\/\/crgconsultingsas.com\/index.php?rest_route=\/wp\/v2\/pages\/11867\/revisions"}],"predecessor-version":[{"id":12172,"href":"https:\/\/crgconsultingsas.com\/index.php?rest_route=\/wp\/v2\/pages\/11867\/revisions\/12172"}],"wp:attachment":[{"href":"https:\/\/crgconsultingsas.com\/index.php?rest_route=%2Fwp%2Fv2%2Fmedia&parent=11867"}],"curies":[{"name":"wp","href":"https:\/\/api.w.org\/{rel}","templated":true}]}}